{"id":1101,"date":"2023-07-28T18:33:06","date_gmt":"2023-07-28T15:33:06","guid":{"rendered":"https:\/\/www.bey-han.com\/?page_id=1101"},"modified":"2023-11-12T14:00:28","modified_gmt":"2023-11-12T11:00:28","slug":"bey-han-broiler","status":"publish","type":"page","link":"https:\/\/www.bey-han.com\/en\/bey-han-broiler\/","title":{"rendered":"Bey Han Broiler"},"content":{"rendered":"<section class=\"wpb-content-wrapper\"><p>[vc_row][vc_column][vc_column_text]<\/p>\n<p style=\"text-align: justify;\">Our company, which was established in Beypazar\u0131 in 2013, requested incentives in the 2014 IPARD I 13th Call announcement and started its operations in a short time after the application file was accepted. The applicant is BEY HAN ENG. FROM. ANIMAL. FOOD IND. TRADE. LTD. \u015eT\u0130&#8217;s company manager Hamiyet KAYALI and Mechanical Engineer M. O\u011fuzhan KAYALI learned and put into practice in 2014 with their own research and efforts. It completed its construction in 2014 with the grant support of ARDSI and continues its activities. TKDK institution, which makes positive discrimination against women entrepreneurs, also applied positive discrimination to Hamiyet Kayal\u0131 in her broiler plant investment. The broiler plant with a capacity of 50,000 units\/period has been completed in EU Standards and has been actively operating for 9 years.<br \/>\nAnd also; We continue our active trade in sectors such as incentive-investment and energy consultancy, construction contracting works, project works etc.<br \/>\nOur company continues its activities with project design, incentive and consultancy services of Solar Power Plants, Cold Storages, Packaging Facilities, Livestock Facilities (barns-dairies-etc.), Broiler Facilities, Silo, Greenhouse Facilities.<\/p>\n<p>[\/vc_column_text][\/vc_column][\/vc_row][vc_row][vc_column][vc_empty_space][\/vc_column][\/vc_row][vc_row][vc_column width=&#8221;1\/5&#8243;][vc_column_text]<img loading=\"lazy\" decoding=\"async\" class=\"alignnone size-medium wp-image-1107\" src=\"https:\/\/www.bey-han.com\/en\/wp-content\/uploads\/2023\/07\/BEY-HAN_BROILER_001-300x200.jpeg\" alt=\"\" width=\"300\" height=\"200\" srcset=\"https:\/\/www.bey-han.com\/en\/wp-content\/uploads\/2023\/07\/BEY-HAN_BROILER_001-300x200.jpeg 300w, https:\/\/www.bey-han.com\/en\/wp-content\/uploads\/2023\/07\/BEY-HAN_BROILER_001-1024x682.jpeg 1024w, https:\/\/www.bey-han.com\/en\/wp-content\/uploads\/2023\/07\/BEY-HAN_BROILER_001-768x512.jpeg 768w, https:\/\/www.bey-han.com\/en\/wp-content\/uploads\/2023\/07\/BEY-HAN_BROILER_001-1536x1023.jpeg 1536w, https:\/\/www.bey-han.com\/en\/wp-content\/uploads\/2023\/07\/BEY-HAN_BROILER_001.jpeg 1600w\" sizes=\"auto, (max-width: 300px) 100vw, 300px\" \/>[\/vc_column_text][\/vc_column][vc_column width=&#8221;1\/5&#8243;][vc_column_text]<img loading=\"lazy\" decoding=\"async\" class=\"alignnone size-medium wp-image-1108\" src=\"https:\/\/www.bey-han.com\/en\/wp-content\/uploads\/2023\/07\/BEY-HAN_BROILER_002-300x200.jpeg\" alt=\"\" width=\"300\" height=\"200\" srcset=\"https:\/\/www.bey-han.com\/en\/wp-content\/uploads\/2023\/07\/BEY-HAN_BROILER_002-300x200.jpeg 300w, https:\/\/www.bey-han.com\/en\/wp-content\/uploads\/2023\/07\/BEY-HAN_BROILER_002-1024x682.jpeg 1024w, https:\/\/www.bey-han.com\/en\/wp-content\/uploads\/2023\/07\/BEY-HAN_BROILER_002-768x512.jpeg 768w, https:\/\/www.bey-han.com\/en\/wp-content\/uploads\/2023\/07\/BEY-HAN_BROILER_002-1536x1023.jpeg 1536w, https:\/\/www.bey-han.com\/en\/wp-content\/uploads\/2023\/07\/BEY-HAN_BROILER_002.jpeg 1600w\" sizes=\"auto, (max-width: 300px) 100vw, 300px\" \/>[\/vc_column_text][\/vc_column][vc_column width=&#8221;1\/5&#8243;][vc_column_text]<img loading=\"lazy\" decoding=\"async\" class=\"alignnone size-medium wp-image-1109\" src=\"https:\/\/www.bey-han.com\/en\/wp-content\/uploads\/2023\/07\/BEY-HAN_BROILER_003-300x200.jpeg\" alt=\"\" width=\"300\" height=\"200\" srcset=\"https:\/\/www.bey-han.com\/en\/wp-content\/uploads\/2023\/07\/BEY-HAN_BROILER_003-300x200.jpeg 300w, https:\/\/www.bey-han.com\/en\/wp-content\/uploads\/2023\/07\/BEY-HAN_BROILER_003-1024x682.jpeg 1024w, https:\/\/www.bey-han.com\/en\/wp-content\/uploads\/2023\/07\/BEY-HAN_BROILER_003-768x512.jpeg 768w, https:\/\/www.bey-han.com\/en\/wp-content\/uploads\/2023\/07\/BEY-HAN_BROILER_003-1536x1023.jpeg 1536w, https:\/\/www.bey-han.com\/en\/wp-content\/uploads\/2023\/07\/BEY-HAN_BROILER_003.jpeg 1600w\" sizes=\"auto, (max-width: 300px) 100vw, 300px\" \/>[\/vc_column_text][\/vc_column][vc_column width=&#8221;1\/5&#8243;][vc_column_text]<img loading=\"lazy\" decoding=\"async\" class=\"alignnone size-medium wp-image-1110\" src=\"https:\/\/www.bey-han.com\/en\/wp-content\/uploads\/2023\/07\/BEY-HAN_BROILER_004-300x200.jpeg\" alt=\"\" width=\"300\" height=\"200\" srcset=\"https:\/\/www.bey-han.com\/en\/wp-content\/uploads\/2023\/07\/BEY-HAN_BROILER_004-300x200.jpeg 300w, https:\/\/www.bey-han.com\/en\/wp-content\/uploads\/2023\/07\/BEY-HAN_BROILER_004-1024x682.jpeg 1024w, https:\/\/www.bey-han.com\/en\/wp-content\/uploads\/2023\/07\/BEY-HAN_BROILER_004-768x512.jpeg 768w, https:\/\/www.bey-han.com\/en\/wp-content\/uploads\/2023\/07\/BEY-HAN_BROILER_004-1536x1023.jpeg 1536w, https:\/\/www.bey-han.com\/en\/wp-content\/uploads\/2023\/07\/BEY-HAN_BROILER_004.jpeg 1600w\" sizes=\"auto, (max-width: 300px) 100vw, 300px\" \/>[\/vc_column_text][\/vc_column][vc_column width=&#8221;1\/5&#8243;][vc_column_text]<img loading=\"lazy\" decoding=\"async\" class=\"alignnone size-medium wp-image-1111\" src=\"https:\/\/www.bey-han.com\/en\/wp-content\/uploads\/2023\/07\/BEY-HAN_BROILER_005-300x200.jpeg\" alt=\"\" width=\"300\" height=\"200\" srcset=\"https:\/\/www.bey-han.com\/en\/wp-content\/uploads\/2023\/07\/BEY-HAN_BROILER_005-300x200.jpeg 300w, https:\/\/www.bey-han.com\/en\/wp-content\/uploads\/2023\/07\/BEY-HAN_BROILER_005-1024x682.jpeg 1024w, https:\/\/www.bey-han.com\/en\/wp-content\/uploads\/2023\/07\/BEY-HAN_BROILER_005-768x512.jpeg 768w, https:\/\/www.bey-han.com\/en\/wp-content\/uploads\/2023\/07\/BEY-HAN_BROILER_005-1536x1023.jpeg 1536w, https:\/\/www.bey-han.com\/en\/wp-content\/uploads\/2023\/07\/BEY-HAN_BROILER_005.jpeg 1600w\" sizes=\"auto, (max-width: 300px) 100vw, 300px\" \/>[\/vc_column_text][\/vc_column][\/vc_row]<\/p>\n<\/section>","protected":false},"excerpt":{"rendered":"<p>[vc_row][vc_column][vc_column_text] Our company, which was established in Beypazar\u0131 in 2013, requested incentives in the 2014 IPARD I 13th Call announcement and started its operations in a short time after the application file was accepted. The applicant is BEY HAN ENG. FROM. ANIMAL. FOOD IND. TRADE. LTD. \u015eT\u0130&#8217;s company manager Hamiyet KAYALI and Mechanical Engineer M. [&hellip;]<\/p>\n","protected":false},"author":1,"featured_media":0,"parent":0,"menu_order":0,"comment_status":"closed","ping_status":"closed","template":"","meta":{"footnotes":""},"class_list":["post-1101","page","type-page","status-publish","hentry"],"acf":[],"_links":{"self":[{"href":"https:\/\/www.bey-han.com\/en\/wp-json\/wp\/v2\/pages\/1101","targetHints":{"allow":["GET"]}}],"collection":[{"href":"https:\/\/www.bey-han.com\/en\/wp-json\/wp\/v2\/pages"}],"about":[{"href":"https:\/\/www.bey-han.com\/en\/wp-json\/wp\/v2\/types\/page"}],"author":[{"embeddable":true,"href":"https:\/\/www.bey-han.com\/en\/wp-json\/wp\/v2\/users\/1"}],"replies":[{"embeddable":true,"href":"https:\/\/www.bey-han.com\/en\/wp-json\/wp\/v2\/comments?post=1101"}],"version-history":[{"count":1,"href":"https:\/\/www.bey-han.com\/en\/wp-json\/wp\/v2\/pages\/1101\/revisions"}],"predecessor-version":[{"id":1216,"href":"https:\/\/www.bey-han.com\/en\/wp-json\/wp\/v2\/pages\/1101\/revisions\/1216"}],"wp:attachment":[{"href":"https:\/\/www.bey-han.com\/en\/wp-json\/wp\/v2\/media?parent=1101"}],"curies":[{"name":"wp","href":"https:\/\/api.w.org\/{rel}","templated":true}]}}