{"id":1155,"date":"2020-08-12T04:47:55","date_gmt":"2020-08-12T04:47:55","guid":{"rendered":"https:\/\/www.bey-han.com\/beyhan2023\/?page_id=24"},"modified":"2024-03-21T22:59:30","modified_gmt":"2024-03-21T19:59:30","slug":"all-completed-projects","status":"publish","type":"page","link":"https:\/\/www.bey-han.com\/en\/all-completed-projects\/","title":{"rendered":"ALL COMPLETED PROJECTS"},"content":{"rendered":"<section class=\"wpb-content-wrapper\"><p>[vc_row][vc_column][vc_column_text]<\/p>\n<h5><strong>All Completed Projects until 2024 March<\/strong><\/h5>\n<p>[\/vc_column_text][vc_empty_space][\/vc_column][\/vc_row][vc_row][vc_column][vc_column_text]ALFA SOLAR ENERJ\u0130 A.\u015e\u00a0 ANKARA\/T\u00dcRK\u0130YE (\u00c7ATI \u00dcZER\u0130 GES)<\/p>\n<p>BAKP\u0130L\u0130\u00c7 ENTEGRE TAVUK\u00c7ULUK A.\u015e (15MWP- 8 ADET \u00c7ATI \u2013 2 ADET ARAZ\u0130 GES KURULUMU) ANKARA\/T\u00dcRK\u0130YE<\/p>\n<p>BEYPAZARI MADEN SUYU A.\u015e ( ARAZ\u0130 GES KURULUMU PLANLAMASI) ANKARA\/T\u00dcRK\u0130YE<\/p>\n<p>YILDIRIM GRUP ANKARA\/T\u00dcRK\u0130YE (22MW ARAZ\u0130 GES PLANLAMASI VE UYGULAMASI)<\/p>\n<p>ANTES \u00c7EL\u0130K BORU A.\u015e ANKARA\/T\u00dcRK\u0130YE (2 ADET \u00c7ATI \u00dcZER\u0130 GES)<\/p>\n<p>EKER-MAK TARIM ALETLER\u0130 \u00dcRET\u0130M LTD. \u015eT\u0130 (\u00c7ATI \u00dcZER\u0130 GES) ANKARA\/T\u00dcRK\u0130YE<\/p>\n<p>ORHAN NASLI KONUT A.\u015e (3 ADET \u00c7ATI \u00dcZER\u0130 GES) ANKARA\/T\u00dcRK\u0130YE<\/p>\n<p>WYNDHAM OTELLER\u0130 \u00c7ANKARA\/ANKARA\/T\u00dcRK\u0130YE (ARAZ\u0130 GES UYGULAMASI)<\/p>\n<p>D\u0130LS\u0130ZLER TARIM ALETLER\u0130 \u00dcRET\u0130M LTD. \u015eT\u0130 (2 ADET \u00c7ATI \u00dcZER\u0130 GES UYGULAMASI) ANKARA\/T\u00dcRK\u0130YE<\/p>\n<p>\u0130KBALS PASTANELER\u0130 ANKARA\/T\u00dcRK\u0130YE (\u00c7ATI GES UYGULAMASI)<\/p>\n<p>BATI PARK AVM\u00a0 ANKARA\/T\u00dcRK\u0130YE (\u00c7ATI GES UYGULAMASI)<\/p>\n<p>KO\u00c7O\u011eLU HOLD\u0130NG ANKARA\/T\u00dcRK\u0130YE (6 ADET \u00c7ATI \u00dcZER\u0130 GES UYGULAMASIVE PLANLAMASI)<\/p>\n<p>V\u0130TALEN HOLD\u0130NG ANKARA\/T\u00dcRK\u0130YE (\u00c7ATI \u00dcZER\u0130 GES UYGULAMASI)<\/p>\n<p>VERA ORGAN\u0130K TARIM A.\u015e ANKARA\/T\u00dcRK\u0130YE (\u00c7ATI GES UYGULAMASI)<\/p>\n<p>\u00d6ZSARILAR GRUP KIR\u015eEH\u0130R\/T\u00dcRK\u0130YE (ARAZ\u0130 GES UYGULAMASI)<\/p>\n<p>MEDSTER TIBB\u0130 C\u0130HAZLAR VE SA\u011eLIK H\u0130ZMETLER\u0130 ANKARA\/T\u00dcRK\u0130YE (\u00c7ATI \u00dcZER\u0130 GES)<\/p>\n<p>ERTEX LUXURY CAR DES\u0130GN ANKARA\/T\u00dcRK\u0130YE (6 ADET ARAZ\u0130 GES UYGULAMA VE PLANLAMA)<\/p>\n<p>HFS TUR\u0130ZM A.\u015e ANKARA\/T\u00dcRK\u0130YE (ARAZ\u0130 GES UYGULAMASI)<\/p>\n<p>KAREM\u0130\u015e GIDA A.\u015e ANKARA\/T\u00dcRK\u0130YE (\u00c7ATI GES UYGULAMASI)<\/p>\n<p>AG AMBALAJ SANAY\u0130 A.\u015e ANKARA\/T\u00dcRK\u0130YE (\u00c7ATI \u00dcZER\u0130 GES UYGULAMASI)<\/p>\n<p>PAYMAN AMBALAJ SANAY\u0130 A.\u015e ANKARA\/T\u00dcRK\u0130YE (\u00c7ATI \u00dcZER\u0130 GES UYGULAMASI)<\/p>\n<p>HAM\u0130T BAK BRO\u0130LER \u0130\u015eLETMELER\u0130 ANKARA\/T\u00dcRK\u0130YE (\u00c7ATI \u00dcZER\u0130 GES UYGULAMASI)<\/p>\n<p>T\u00dcLAY G\u00dcNG\u00d6R BRO\u0130LER \u0130\u015eLETMELER\u0130 ANKARA\/T\u00dcRK\u0130YE (\u00c7ATI \u00dcZER\u0130 GES UYGULAMASI)<\/p>\n<p>\u0130SMA\u0130L SELET BRO\u0130LER \u0130\u015eLETMELEER\u0130 ANKARA\/T\u00dcRK\u0130YE (\u00c7ATI \u00dcZER\u0130 GES UYGULAMASI)<\/p>\n<p>BEY HAN M\u00dcHEND\u0130SL\u0130K BRO\u0130LER \u0130\u015eLETMES\u0130 ANKARA\/T\u00dcRK\u0130YE (\u00c7ATI \u00dcZER\u0130 GES UYGULAMASI)<\/p>\n<p>FEYZULLAH \u00c7EL\u0130K BRO\u0130LER \u0130\u015eLETMELER\u0130 ANKARA\/T\u00dcRK\u0130YE (\u00c7ATI \u00dcZER\u0130 GES UYGULAMASI)<\/p>\n<p>GORD\u0130ON BRO\u0130LER \u0130\u015eLETMELER\u0130 ANKARA\/T\u00dcRK\u0130YE (\u00c7ATI \u00dcZER\u0130 GES UYGULAMASI)<\/p>\n<p>FER\u0130T DO\u011eAN ANKARA\/T\u00dcRK\u0130YE (YAT \u00dcZER\u0130 GES UYGULAMASI)<\/p>\n<p>MEHMET AYPEK-MEHMET AGA PETROL HAYV.LTD.\u015eT\u0130 ANKARA\/T\u00dcRK\u0130YE (\u00c7ATI \u00dcZER\u0130 GES UYGULAMASI)<\/p>\n<p>AY \u00c7EL\u0130K TARIM HAYVANCILI LTD.\u015eT\u0130 ANKARA\/T\u00dcRK\u0130YE (\u00c7ATI \u00dcZER\u0130 GES UYGULAMASI)<\/p>\n<p>DERAPLAST PLAST\u0130K PVC BORU ANKARA\/T\u00dcRK\u0130YE (\u00c7ATI \u00dcZER\u0130 GES UYGULAMASI)<\/p>\n<p>BEY-TAT TARIM BRO\u0130LER \u0130\u015eLETMELER\u0130 ANKARA\/T\u00dcRK\u0130YE (\u00c7ATI \u00dcZER\u0130 GES UYGULAMASI)<\/p>\n<p>DEM-KA HAYVANCILIK \u0130\u015eLETMELER\u0130 ANKARA\/T\u00dcRK\u0130YE (\u00c7ATI \u00dcZER\u0130 GES UYGULAMASI)<\/p>\n<p>UZER BETON VE \u0130N\u015eAAT MALZEMELER\u0130 ANKARA\/T\u00dcRK\u0130YE (\u00c7ATI \u00dcZER\u0130 GES UYGULAMASI)<\/p>\n<p>D\u00d6RT K BRO\u0130LER \u0130\u015eLETMELER\u0130 ANKARA\/T\u00dcRK\u0130YE (\u00c7ATI \u00dcZER\u0130 GES UYGULAMASI)<\/p>\n<p>OALTIN ENERJ\u0130 ANKARA\/T\u00dcRK\u0130YE (ARAZ\u0130\u0130 GES UYGULAMASI)<\/p>\n<p>BARANBEY TARIM VE NAKL\u0130YE LTD. \u015eT\u0130 ANKARA\/T\u00dcRK\u0130YE (1 ADET ARAZ\u0130 UYGULAMASI VE 2 ADET \u00c7ATI \u00dcZER\u0130 GES UYGULAMASI)<\/p>\n<p>BEY\u00c7EL\u0130K TARIM VE SO\u011eUK HAVA \u0130\u015eLETMES\u0130 ANKARA\/T\u00dcRK\u0130YE (\u00c7ATI \u00dcZER\u0130 GES UYGULAMASI)<\/p>\n<p>U\u011eURBEY TARIM \u0130\u015eLETMELER\u0130 ANKARA\/T\u00dcRK\u0130YE (\u00c7ATI \u00dcZER\u0130 GES UYGULAMASI)<\/p>\n<p>TSD TARIM VE SO\u011eUK HAVA \u0130\u015eLETMELER\u0130 ANKARA\/T\u00dcRK\u0130YE (\u00c7ATI \u00dcZER\u0130 GES UYGULAMASI)<\/p>\n<p>YA\u011eIZLAR UN SANAY\u0130 A.\u015e ANKARA\/T\u00dcRK\u0130YE (\u00c7ATI \u00dcZER\u0130 GES UYGULAMASI)<\/p>\n<p>Y\u00dcKSEL ARSLAN SO\u011eUK HAVA DEPO \u0130\u015eLETMELER\u0130 ANKARA\/T\u00dcRK\u0130YE (\u00c7ATI \u00dcZER\u0130 GES UYGULAMASI)<\/p>\n<p>ZEKER\u0130YA K\u00d6KSAL SO\u011eUK HAVA \u0130\u015eLETMELER\u0130 ANKARA\/T\u00dcRK\u0130YE (2 ADET \u00c7ATI \u00dcZER\u0130 GES UYGULAMASI)<\/p>\n<p>AYHAN ERUL HAVU\u00c7 SO\u011eUK HAVA DEPOSU \u0130\u015eLETMELER\u0130 ANKARA\/T\u00dcRK\u0130YE (\u00c7ATI \u00dcZER\u0130 GES UYGULAMASI)<\/p>\n<p>DURMU\u015e ERDO\u011eAN SO\u011eUK HAVA DEPO \u0130\u015eLETMELER\u0130 ANKARA\/T\u00dcRK\u0130YE (\u00c7ATI \u00dcZER\u0130 GES UYGULAMASI)<\/p>\n<p>T\u0130TAN MAK\u0130NE MADEN MAK\u0130NALARI ANKARA\/T\u00dcRK\u0130YE (\u00c7ATI \u00dcZER\u0130 GES UYGULAMASI)<\/p>\n<p>YILDIRIM AL\u0130M\u00dcNYUM HUSEY\u0130N YILDIRIM ANKARA\/T\u00dcRK\u0130YE (\u00c7ATI \u00dcZER\u0130 GES UYGULAMASI)<\/p>\n<p>TAHA \u00d6ZKAN BRO\u0130LER \u0130\u015eLETMELER\u0130 ANKARA\/T\u00dcRK\u0130YE (\u00c7ATI \u00dcZER\u0130 GES UYGULAMASI)<\/p>\n<p>ATIK G\u00dcNG\u00d6R ANKARA\/T\u00dcRK\u0130YE (\u00c7ATI \u00dcZER\u0130 GES UYGULAMASI)<\/p>\n<p>H\u00dcDAYET TA\u015e SOGUK HAVA \u0130\u015eLETMELER\u0130 ANKARA\/T\u00dcRK\u0130YE (\u00c7ATI \u00dcZER\u0130 GES UYGULAMASI)<\/p>\n<p>MUSA KANEPE ANKARA\/T\u00dcRK\u0130YE (\u00c7ATI \u00dcZER\u0130 GES UYGULAMASI)<\/p>\n<p>MASELMAK M\u00dcHEND\u0130SL\u0130K ANKARA\/T\u00dcRK\u0130YE (2 ADET \u00c7ATI \u00dcZER\u0130 GES UYGULAMASI)<\/p>\n<p>HASAN KASAP HANIMEL\u0130 GIDA ANKARA\/T\u00dcRK\u0130YE (ARAZ\u0130 T\u0130P\u0130 GES UYGULAMASI)<\/p>\n<p>EY\u00dcP TA\u015e SO\u011eUK HAVA \u0130\u015eLETMELER\u0130 ANKARA\/T\u00dcRK\u0130YE (\u00c7ATI \u00dcZER\u0130 GES UYGULAMASI)<\/p>\n<p>BEYPAZARI BELED\u0130YES\u0130 BA\u015eKANLI\u011eI ANKARA\/T\u00dcRK\u0130YE<\/p>\n<p>NALLIHAN BELED\u0130YES\u0130 BA\u015eKANLI\u011eI ANKARA\/T\u00dcRK\u0130YE<\/p>\n<p>MUDURNU BELED\u0130YES\u0130 BA\u015eKANLI\u011eI BOLU \/ T\u00dcRK\u0130YE[\/vc_column_text][\/vc_column][\/vc_row]<\/p>\n<\/section>","protected":false},"excerpt":{"rendered":"<p>[vc_row][vc_column][vc_column_text] All Completed Projects until 2024 March [\/vc_column_text][vc_empty_space][\/vc_column][\/vc_row][vc_row][vc_column][vc_column_text]ALFA SOLAR ENERJ\u0130 A.\u015e\u00a0 ANKARA\/T\u00dcRK\u0130YE (\u00c7ATI \u00dcZER\u0130 GES) BAKP\u0130L\u0130\u00c7 ENTEGRE TAVUK\u00c7ULUK A.\u015e (15MWP- 8 ADET \u00c7ATI \u2013 2 ADET ARAZ\u0130 GES KURULUMU) ANKARA\/T\u00dcRK\u0130YE BEYPAZARI MADEN SUYU A.\u015e ( ARAZ\u0130 GES KURULUMU PLANLAMASI) ANKARA\/T\u00dcRK\u0130YE YILDIRIM GRUP ANKARA\/T\u00dcRK\u0130YE (22MW ARAZ\u0130 GES PLANLAMASI VE UYGULAMASI) ANTES \u00c7EL\u0130K BORU A.\u015e ANKARA\/T\u00dcRK\u0130YE (2 [&hellip;]<\/p>\n","protected":false},"author":1,"featured_media":0,"parent":0,"menu_order":0,"comment_status":"closed","ping_status":"closed","template":"","meta":{"footnotes":""},"class_list":["post-1155","page","type-page","status-publish","hentry"],"acf":[],"_links":{"self":[{"href":"https:\/\/www.bey-han.com\/en\/wp-json\/wp\/v2\/pages\/1155","targetHints":{"allow":["GET"]}}],"collection":[{"href":"https:\/\/www.bey-han.com\/en\/wp-json\/wp\/v2\/pages"}],"about":[{"href":"https:\/\/www.bey-han.com\/en\/wp-json\/wp\/v2\/types\/page"}],"author":[{"embeddable":true,"href":"https:\/\/www.bey-han.com\/en\/wp-json\/wp\/v2\/users\/1"}],"replies":[{"embeddable":true,"href":"https:\/\/www.bey-han.com\/en\/wp-json\/wp\/v2\/comments?post=1155"}],"version-history":[{"count":3,"href":"https:\/\/www.bey-han.com\/en\/wp-json\/wp\/v2\/pages\/1155\/revisions"}],"predecessor-version":[{"id":1250,"href":"https:\/\/www.bey-han.com\/en\/wp-json\/wp\/v2\/pages\/1155\/revisions\/1250"}],"wp:attachment":[{"href":"https:\/\/www.bey-han.com\/en\/wp-json\/wp\/v2\/media?parent=1155"}],"curies":[{"name":"wp","href":"https:\/\/api.w.org\/{rel}","templated":true}]}}