{"id":22,"date":"2020-08-12T04:47:20","date_gmt":"2020-08-12T04:47:20","guid":{"rendered":"https:\/\/www.bey-han.com\/beyhan2023\/?page_id=22"},"modified":"2023-11-14T01:34:11","modified_gmt":"2023-11-13T22:34:11","slug":"completed-projects","status":"publish","type":"page","link":"https:\/\/www.bey-han.com\/en\/completed-projects\/","title":{"rendered":"Completed Projects"},"content":{"rendered":"<section class=\"wpb-content-wrapper\"><p>[vc_row][vc_column][vc_empty_space height=&#8221;200px&#8221;][\/vc_column][\/vc_row][vc_row][vc_column width=&#8221;1\/4&#8243;][vc_column_text]<img loading=\"lazy\" decoding=\"async\" class=\"alignnone size-medium wp-image-952 aligncenter\" src=\"https:\/\/www.bey-han.com\/wp-content\/uploads\/2023\/06\/BEY-HAN_CIFTLIGI-300x169.jpg\" alt=\"\" width=\"300\" height=\"169\" srcset=\"https:\/\/www.bey-han.com\/en\/wp-content\/uploads\/2023\/06\/BEY-HAN_CIFTLIGI-300x169.jpg 300w, https:\/\/www.bey-han.com\/en\/wp-content\/uploads\/2023\/06\/BEY-HAN_CIFTLIGI.jpg 320w\" sizes=\"auto, (max-width: 300px) 100vw, 300px\" \/>[\/vc_column_text][vc_column_text]<\/p>\n<p style=\"text-align: center;\">BEY HAN \u00c7\u0130FTL\u0130\u011e\u0130<\/p>\n<p>[\/vc_column_text][\/vc_column][vc_column width=&#8221;1\/4&#8243;][vc_column_text]<img loading=\"lazy\" decoding=\"async\" class=\"alignnone size-medium wp-image-954 aligncenter\" src=\"https:\/\/www.bey-han.com\/wp-content\/uploads\/2023\/06\/BEYCELIK_TARIM-300x169.jpg\" alt=\"\" width=\"300\" height=\"169\" srcset=\"https:\/\/www.bey-han.com\/en\/wp-content\/uploads\/2023\/06\/BEYCELIK_TARIM-300x169.jpg 300w, https:\/\/www.bey-han.com\/en\/wp-content\/uploads\/2023\/06\/BEYCELIK_TARIM.jpg 320w\" sizes=\"auto, (max-width: 300px) 100vw, 300px\" \/>[\/vc_column_text][vc_column_text]<\/p>\n<p style=\"text-align: center;\">BEY\u00c7EL\u0130K TARIM<\/p>\n<p>[\/vc_column_text][\/vc_column][vc_column width=&#8221;1\/4&#8243;][vc_column_text]<img loading=\"lazy\" decoding=\"async\" class=\"alignnone size-medium wp-image-956 aligncenter\" src=\"https:\/\/www.bey-han.com\/wp-content\/uploads\/2023\/06\/ISMAIL_SELET-300x169.jpg\" alt=\"\" width=\"300\" height=\"169\" srcset=\"https:\/\/www.bey-han.com\/en\/wp-content\/uploads\/2023\/06\/ISMAIL_SELET-300x169.jpg 300w, https:\/\/www.bey-han.com\/en\/wp-content\/uploads\/2023\/06\/ISMAIL_SELET.jpg 320w\" sizes=\"auto, (max-width: 300px) 100vw, 300px\" \/>[\/vc_column_text][vc_column_text]<\/p>\n<p style=\"text-align: center;\">\u0130SMA\u0130L SELET<\/p>\n<p>[\/vc_column_text][\/vc_column][vc_column width=&#8221;1\/4&#8243;][vc_column_text]<img loading=\"lazy\" decoding=\"async\" class=\"alignnone size-medium wp-image-958 aligncenter\" src=\"https:\/\/www.bey-han.com\/wp-content\/uploads\/2023\/06\/EYUP_TAS-300x169.jpg\" alt=\"\" width=\"300\" height=\"169\" srcset=\"https:\/\/www.bey-han.com\/en\/wp-content\/uploads\/2023\/06\/EYUP_TAS-300x169.jpg 300w, https:\/\/www.bey-han.com\/en\/wp-content\/uploads\/2023\/06\/EYUP_TAS.jpg 320w\" sizes=\"auto, (max-width: 300px) 100vw, 300px\" \/>[\/vc_column_text][vc_column_text]<\/p>\n<p style=\"text-align: center;\">EY\u00dcP TA\u015e<\/p>\n<p>[\/vc_column_text][\/vc_column][\/vc_row][vc_row][vc_column][vc_empty_space height=&#8221;20px&#8221;][\/vc_column][\/vc_row][vc_row][vc_column width=&#8221;1\/4&#8243;][vc_column_text]<img loading=\"lazy\" decoding=\"async\" class=\"alignnone size-medium wp-image-962 aligncenter\" src=\"https:\/\/www.bey-han.com\/wp-content\/uploads\/2023\/06\/4K_TARIM-300x169.jpg\" alt=\"\" width=\"300\" height=\"169\" srcset=\"https:\/\/www.bey-han.com\/en\/wp-content\/uploads\/2023\/06\/4K_TARIM-300x169.jpg 300w, https:\/\/www.bey-han.com\/en\/wp-content\/uploads\/2023\/06\/4K_TARIM.jpg 320w\" sizes=\"auto, (max-width: 300px) 100vw, 300px\" \/>[\/vc_column_text][vc_column_text]<\/p>\n<p style=\"text-align: center;\">4K TARIM<\/p>\n<p>[\/vc_column_text][\/vc_column][vc_column width=&#8221;1\/4&#8243;][vc_column_text]<img loading=\"lazy\" decoding=\"async\" class=\"alignnone size-medium wp-image-969\" src=\"https:\/\/www.bey-han.com\/wp-content\/uploads\/2023\/06\/BEYTAT_1_GES-1-300x169.jpg\" alt=\"\" width=\"300\" height=\"169\" srcset=\"https:\/\/www.bey-han.com\/en\/wp-content\/uploads\/2023\/06\/BEYTAT_1_GES-1-300x169.jpg 300w, https:\/\/www.bey-han.com\/en\/wp-content\/uploads\/2023\/06\/BEYTAT_1_GES-1.jpg 320w\" sizes=\"auto, (max-width: 300px) 100vw, 300px\" \/>[\/vc_column_text][vc_column_text]<\/p>\n<p style=\"text-align: center;\">BEYTAT 1 GES<\/p>\n<p>[\/vc_column_text][\/vc_column][vc_column width=&#8221;1\/4&#8243;][vc_column_text]<img loading=\"lazy\" decoding=\"async\" class=\"alignnone size-medium wp-image-964 aligncenter\" src=\"https:\/\/www.bey-han.com\/wp-content\/uploads\/2023\/06\/AYCELIK_TARIM-300x169.jpg\" alt=\"\" width=\"300\" height=\"169\" srcset=\"https:\/\/www.bey-han.com\/en\/wp-content\/uploads\/2023\/06\/AYCELIK_TARIM-300x169.jpg 300w, https:\/\/www.bey-han.com\/en\/wp-content\/uploads\/2023\/06\/AYCELIK_TARIM.jpg 320w\" sizes=\"auto, (max-width: 300px) 100vw, 300px\" \/>[\/vc_column_text][vc_column_text]<\/p>\n<p style=\"text-align: center;\">AY\u00c7EL\u0130K TARIM<\/p>\n<p>[\/vc_column_text][\/vc_column][vc_column width=&#8221;1\/4&#8243;][vc_column_text]<img loading=\"lazy\" decoding=\"async\" class=\"alignnone size-medium wp-image-965 aligncenter\" src=\"https:\/\/www.bey-han.com\/wp-content\/uploads\/2023\/06\/FEYZULLAH_CELIK-300x169.jpg\" alt=\"\" width=\"300\" height=\"169\" srcset=\"https:\/\/www.bey-han.com\/en\/wp-content\/uploads\/2023\/06\/FEYZULLAH_CELIK-300x169.jpg 300w, https:\/\/www.bey-han.com\/en\/wp-content\/uploads\/2023\/06\/FEYZULLAH_CELIK.jpg 320w\" sizes=\"auto, (max-width: 300px) 100vw, 300px\" \/>[\/vc_column_text][vc_column_text]<\/p>\n<p style=\"text-align: center;\">FEYZULLAH \u00c7EL\u0130K<\/p>\n<p>[\/vc_column_text][\/vc_column][\/vc_row][vc_row][vc_column][vc_empty_space height=&#8221;20px&#8221;][\/vc_column][\/vc_row][vc_row][vc_column width=&#8221;1\/4&#8243;][vc_column_text]<img loading=\"lazy\" decoding=\"async\" class=\"alignnone size-medium wp-image-973 aligncenter\" src=\"https:\/\/www.bey-han.com\/wp-content\/uploads\/2023\/06\/TITAN_MAKINA-300x169.jpg\" alt=\"\" width=\"300\" height=\"169\" srcset=\"https:\/\/www.bey-han.com\/en\/wp-content\/uploads\/2023\/06\/TITAN_MAKINA-300x169.jpg 300w, https:\/\/www.bey-han.com\/en\/wp-content\/uploads\/2023\/06\/TITAN_MAKINA.jpg 320w\" sizes=\"auto, (max-width: 300px) 100vw, 300px\" \/>[\/vc_column_text][vc_column_text]<\/p>\n<p style=\"text-align: center;\">T\u0130TAN MAK\u0130NA<\/p>\n<p>[\/vc_column_text][\/vc_column][vc_column width=&#8221;1\/4&#8243;][vc_column_text]<img loading=\"lazy\" decoding=\"async\" class=\"alignnone size-medium wp-image-975 aligncenter\" src=\"https:\/\/www.bey-han.com\/wp-content\/uploads\/2023\/06\/HUSEYIN_YILDIRIM-300x169.jpg\" alt=\"\" width=\"300\" height=\"169\" srcset=\"https:\/\/www.bey-han.com\/en\/wp-content\/uploads\/2023\/06\/HUSEYIN_YILDIRIM-300x169.jpg 300w, https:\/\/www.bey-han.com\/en\/wp-content\/uploads\/2023\/06\/HUSEYIN_YILDIRIM.jpg 320w\" sizes=\"auto, (max-width: 300px) 100vw, 300px\" \/>[\/vc_column_text][vc_column_text]<\/p>\n<p style=\"text-align: center;\">H\u00dcSEY\u0130N YILDIRIM<\/p>\n<p>[\/vc_column_text][\/vc_column][vc_column width=&#8221;1\/4&#8243;][vc_column_text]<img loading=\"lazy\" decoding=\"async\" class=\"alignnone size-medium wp-image-976 aligncenter\" src=\"https:\/\/www.bey-han.com\/wp-content\/uploads\/2023\/06\/AYHAN_ERUL-300x169.jpg\" alt=\"\" width=\"300\" height=\"169\" srcset=\"https:\/\/www.bey-han.com\/en\/wp-content\/uploads\/2023\/06\/AYHAN_ERUL-300x169.jpg 300w, https:\/\/www.bey-han.com\/en\/wp-content\/uploads\/2023\/06\/AYHAN_ERUL.jpg 320w\" sizes=\"auto, (max-width: 300px) 100vw, 300px\" \/>[\/vc_column_text][vc_column_text]<\/p>\n<p style=\"text-align: center;\">AYHAN ERUL<\/p>\n<p>[\/vc_column_text][\/vc_column][vc_column width=&#8221;1\/4&#8243;][vc_column_text]<\/p>\n<p style=\"text-align: center;\"><img loading=\"lazy\" decoding=\"async\" class=\"alignnone size-medium wp-image-977\" src=\"https:\/\/www.bey-han.com\/wp-content\/uploads\/2023\/06\/ABIDIN_ERDOGAN-300x169.jpg\" alt=\"\" width=\"300\" height=\"169\" srcset=\"https:\/\/www.bey-han.com\/en\/wp-content\/uploads\/2023\/06\/ABIDIN_ERDOGAN-300x169.jpg 300w, https:\/\/www.bey-han.com\/en\/wp-content\/uploads\/2023\/06\/ABIDIN_ERDOGAN.jpg 320w\" sizes=\"auto, (max-width: 300px) 100vw, 300px\" \/><\/p>\n<p>[\/vc_column_text][vc_column_text]<\/p>\n<p style=\"text-align: center;\">AB\u0130D\u0130N ERDO\u011eAN<\/p>\n<p>[\/vc_column_text][\/vc_column][\/vc_row][vc_row][vc_column][vc_empty_space height=&#8221;20px&#8221;][\/vc_column][\/vc_row][vc_row][vc_column width=&#8221;1\/4&#8243;][vc_column_text]<img loading=\"lazy\" decoding=\"async\" class=\"alignnone size-medium wp-image-981 aligncenter\" src=\"https:\/\/www.bey-han.com\/wp-content\/uploads\/2023\/06\/MEHMET_AGA-300x169.jpg\" alt=\"\" width=\"300\" height=\"169\" srcset=\"https:\/\/www.bey-han.com\/en\/wp-content\/uploads\/2023\/06\/MEHMET_AGA-300x169.jpg 300w, https:\/\/www.bey-han.com\/en\/wp-content\/uploads\/2023\/06\/MEHMET_AGA.jpg 320w\" sizes=\"auto, (max-width: 300px) 100vw, 300px\" \/>[\/vc_column_text][vc_column_text]<\/p>\n<p style=\"text-align: center;\">MEHMET AGA<\/p>\n<p>[\/vc_column_text][\/vc_column][vc_column width=&#8221;1\/4&#8243;][vc_column_text]<img loading=\"lazy\" decoding=\"async\" class=\"alignnone size-medium wp-image-982 aligncenter\" src=\"https:\/\/www.bey-han.com\/wp-content\/uploads\/2023\/06\/GUNGOR_GES-300x169.jpg\" alt=\"\" width=\"300\" height=\"169\" srcset=\"https:\/\/www.bey-han.com\/en\/wp-content\/uploads\/2023\/06\/GUNGOR_GES-300x169.jpg 300w, https:\/\/www.bey-han.com\/en\/wp-content\/uploads\/2023\/06\/GUNGOR_GES.jpg 320w\" sizes=\"auto, (max-width: 300px) 100vw, 300px\" \/>[\/vc_column_text][vc_column_text]<\/p>\n<p style=\"text-align: center;\">G\u00dcNG\u00d6R GES<\/p>\n<p>[\/vc_column_text][\/vc_column][vc_column width=&#8221;1\/4&#8243;][vc_column_text]<img loading=\"lazy\" decoding=\"async\" class=\"size-medium wp-image-1079 aligncenter\" src=\"https:\/\/www.bey-han.com\/wp-content\/uploads\/2023\/06\/BARAN_BEY_3-300x169.jpg\" alt=\"\" width=\"300\" height=\"169\" srcset=\"https:\/\/www.bey-han.com\/en\/wp-content\/uploads\/2023\/06\/BARAN_BEY_3-300x169.jpg 300w, https:\/\/www.bey-han.com\/en\/wp-content\/uploads\/2023\/06\/BARAN_BEY_3.jpg 320w\" sizes=\"auto, (max-width: 300px) 100vw, 300px\" \/>[\/vc_column_text][vc_column_text]<\/p>\n<p style=\"text-align: center;\">BARAN BEY<\/p>\n<p>[\/vc_column_text][\/vc_column][vc_column width=&#8221;1\/4&#8243;][vc_column_text]<img loading=\"lazy\" decoding=\"async\" class=\"alignnone size-medium wp-image-984 aligncenter\" src=\"https:\/\/www.bey-han.com\/wp-content\/uploads\/2023\/06\/YUKSEL_ARSLAN-300x169.jpg\" alt=\"\" width=\"300\" height=\"169\" srcset=\"https:\/\/www.bey-han.com\/en\/wp-content\/uploads\/2023\/06\/YUKSEL_ARSLAN-300x169.jpg 300w, https:\/\/www.bey-han.com\/en\/wp-content\/uploads\/2023\/06\/YUKSEL_ARSLAN.jpg 320w\" sizes=\"auto, (max-width: 300px) 100vw, 300px\" \/>[\/vc_column_text][vc_column_text]<\/p>\n<p style=\"text-align: center;\">Y\u00dcKSEL ARSLAN<\/p>\n<p>[\/vc_column_text][\/vc_column][\/vc_row][vc_row][vc_column][vc_empty_space height=&#8221;20px&#8221;][\/vc_column][\/vc_row][vc_row][vc_column width=&#8221;1\/4&#8243;][vc_column_text]<img loading=\"lazy\" decoding=\"async\" class=\"alignnone size-medium wp-image-988 aligncenter\" src=\"https:\/\/www.bey-han.com\/wp-content\/uploads\/2023\/06\/ZEKERIYA_KOKSAL-300x169.jpg\" alt=\"\" width=\"300\" height=\"169\" srcset=\"https:\/\/www.bey-han.com\/en\/wp-content\/uploads\/2023\/06\/ZEKERIYA_KOKSAL-300x169.jpg 300w, https:\/\/www.bey-han.com\/en\/wp-content\/uploads\/2023\/06\/ZEKERIYA_KOKSAL.jpg 320w\" sizes=\"auto, (max-width: 300px) 100vw, 300px\" \/>[\/vc_column_text][vc_column_text]<\/p>\n<p style=\"text-align: center;\">ZEKER\u0130YA K\u00d6KSAL<\/p>\n<p>[\/vc_column_text][\/vc_column][vc_column width=&#8221;1\/4&#8243;][vc_column_text]<\/p>\n<p style=\"text-align: center;\"><img loading=\"lazy\" decoding=\"async\" class=\"alignnone size-medium wp-image-969\" src=\"https:\/\/www.bey-han.com\/wp-content\/uploads\/2023\/06\/BEYTAT_1_GES-1-300x169.jpg\" alt=\"\" width=\"300\" height=\"169\" srcset=\"https:\/\/www.bey-han.com\/en\/wp-content\/uploads\/2023\/06\/BEYTAT_1_GES-1-300x169.jpg 300w, https:\/\/www.bey-han.com\/en\/wp-content\/uploads\/2023\/06\/BEYTAT_1_GES-1.jpg 320w\" sizes=\"auto, (max-width: 300px) 100vw, 300px\" \/><\/p>\n<p>[\/vc_column_text][vc_column_text]<\/p>\n<p style=\"text-align: center;\">MASELMAK M\u00dcHEND\u0130SL\u0130K<\/p>\n<p>[\/vc_column_text][\/vc_column][vc_column width=&#8221;1\/4&#8243;][vc_column_text]<img loading=\"lazy\" decoding=\"async\" class=\"alignnone size-medium wp-image-1064 aligncenter\" src=\"https:\/\/www.bey-han.com\/wp-content\/uploads\/2023\/06\/ORHAN_NASLI_2-300x169.jpg\" alt=\"\" width=\"300\" height=\"169\" srcset=\"https:\/\/www.bey-han.com\/en\/wp-content\/uploads\/2023\/06\/ORHAN_NASLI_2-300x169.jpg 300w, https:\/\/www.bey-han.com\/en\/wp-content\/uploads\/2023\/06\/ORHAN_NASLI_2.jpg 320w\" sizes=\"auto, (max-width: 300px) 100vw, 300px\" \/>[\/vc_column_text][vc_column_text]<\/p>\n<p style=\"text-align: center;\">ORHAN NASLI<\/p>\n<p>[\/vc_column_text][\/vc_column][vc_column width=&#8221;1\/4&#8243;][vc_column_text]<img loading=\"lazy\" decoding=\"async\" class=\"alignnone size-medium wp-image-990 aligncenter\" src=\"https:\/\/www.bey-han.com\/wp-content\/uploads\/2023\/06\/DILSIZLER_GES-300x169.jpg\" alt=\"\" width=\"300\" height=\"169\" srcset=\"https:\/\/www.bey-han.com\/en\/wp-content\/uploads\/2023\/06\/DILSIZLER_GES-300x169.jpg 300w, https:\/\/www.bey-han.com\/en\/wp-content\/uploads\/2023\/06\/DILSIZLER_GES.jpg 320w\" sizes=\"auto, (max-width: 300px) 100vw, 300px\" \/>[\/vc_column_text][vc_column_text]<\/p>\n<p style=\"text-align: center;\">D\u0130LS\u0130ZLER GES<\/p>\n<p>[\/vc_column_text][\/vc_column][\/vc_row][vc_row][vc_column][vc_empty_space height=&#8221;20px&#8221;][\/vc_column][\/vc_row][vc_row][vc_column width=&#8221;1\/4&#8243;][vc_column_text]<img loading=\"lazy\" decoding=\"async\" class=\"alignnone size-medium wp-image-1032 aligncenter\" src=\"https:\/\/www.bey-han.com\/wp-content\/uploads\/2023\/06\/KAREMIS_TAMAMLANAN-300x169.jpg\" alt=\"\" width=\"300\" height=\"169\" srcset=\"https:\/\/www.bey-han.com\/en\/wp-content\/uploads\/2023\/06\/KAREMIS_TAMAMLANAN-300x169.jpg 300w, https:\/\/www.bey-han.com\/en\/wp-content\/uploads\/2023\/06\/KAREMIS_TAMAMLANAN.jpg 320w\" sizes=\"auto, (max-width: 300px) 100vw, 300px\" \/>[\/vc_column_text][vc_column_text]<\/p>\n<p style=\"text-align: center;\">KAREM\u0130\u015e<\/p>\n<p>[\/vc_column_text][\/vc_column][vc_column width=&#8221;1\/4&#8243;][vc_column_text]<img loading=\"lazy\" decoding=\"async\" class=\"alignnone size-medium wp-image-997 aligncenter\" src=\"https:\/\/www.bey-han.com\/wp-content\/uploads\/2023\/06\/ANTES_CELIK_BORU-300x169.jpg\" alt=\"\" width=\"300\" height=\"169\" srcset=\"https:\/\/www.bey-han.com\/en\/wp-content\/uploads\/2023\/06\/ANTES_CELIK_BORU-300x169.jpg 300w, https:\/\/www.bey-han.com\/en\/wp-content\/uploads\/2023\/06\/ANTES_CELIK_BORU.jpg 320w\" sizes=\"auto, (max-width: 300px) 100vw, 300px\" \/>[\/vc_column_text][vc_column_text]<\/p>\n<p style=\"text-align: center;\">ANTES \u00c7EL\u0130K BORU 1<\/p>\n<p>[\/vc_column_text][\/vc_column][vc_column width=&#8221;1\/4&#8243;][vc_column_text]<img loading=\"lazy\" decoding=\"async\" class=\"alignnone size-full wp-image-1156 aligncenter\" src=\"https:\/\/www.bey-han.com\/wp-content\/uploads\/2023\/11\/ANTES_CELIK_BORU_002.jpg\" alt=\"\" width=\"300\" height=\"169\" \/>[\/vc_column_text][vc_column_text]<\/p>\n<p style=\"text-align: center;\">ANTES \u00c7EL\u0130K BORU 2<\/p>\n<p>[\/vc_column_text][\/vc_column][vc_column width=&#8221;1\/4&#8243;][vc_column_text]<img loading=\"lazy\" decoding=\"async\" class=\"alignnone size-medium wp-image-999 aligncenter\" src=\"https:\/\/www.bey-han.com\/wp-content\/uploads\/2023\/06\/AYHAN_ERUL_SILO-300x169.jpg\" alt=\"\" width=\"300\" height=\"169\" srcset=\"https:\/\/www.bey-han.com\/en\/wp-content\/uploads\/2023\/06\/AYHAN_ERUL_SILO-300x169.jpg 300w, https:\/\/www.bey-han.com\/en\/wp-content\/uploads\/2023\/06\/AYHAN_ERUL_SILO.jpg 320w\" sizes=\"auto, (max-width: 300px) 100vw, 300px\" \/>[\/vc_column_text][vc_column_text]<\/p>\n<p style=\"text-align: center;\">AYHAN ERUL S\u0130LO<\/p>\n<p>[\/vc_column_text][\/vc_column][\/vc_row][vc_row][vc_column][vc_empty_space height=&#8221;20px&#8221;][\/vc_column][\/vc_row][vc_row][vc_column width=&#8221;1\/4&#8243;][vc_column_text]<img loading=\"lazy\" decoding=\"async\" class=\"alignnone size-medium wp-image-1001 aligncenter\" src=\"https:\/\/www.bey-han.com\/wp-content\/uploads\/2023\/06\/BOTAS_VANA_KONTROL_SISTEMI-300x169.jpg\" alt=\"\" width=\"300\" height=\"169\" srcset=\"https:\/\/www.bey-han.com\/en\/wp-content\/uploads\/2023\/06\/BOTAS_VANA_KONTROL_SISTEMI-300x169.jpg 300w, https:\/\/www.bey-han.com\/en\/wp-content\/uploads\/2023\/06\/BOTAS_VANA_KONTROL_SISTEMI.jpg 320w\" sizes=\"auto, (max-width: 300px) 100vw, 300px\" \/>[\/vc_column_text][vc_column_text]<\/p>\n<p style=\"text-align: center;\">BOTA\u015e VANA KONTROL S\u0130STEM\u0130<\/p>\n<p>[\/vc_column_text][\/vc_column][vc_column width=&#8221;1\/4&#8243;][vc_column_text]<img loading=\"lazy\" decoding=\"async\" class=\"alignnone size-full wp-image-1153 aligncenter\" src=\"https:\/\/www.bey-han.com\/wp-content\/uploads\/2023\/11\/YILDIRIM_GRUP_HFS_TUR.jpg\" alt=\"\" width=\"300\" height=\"169\" \/>[\/vc_column_text][vc_column_text]<\/p>\n<p style=\"text-align: center;\">HFS TUR GES<\/p>\n<p>[\/vc_column_text][\/vc_column][vc_column width=&#8221;1\/4&#8243;][vc_column_text]<img loading=\"lazy\" decoding=\"async\" class=\"alignnone size-full wp-image-1158 aligncenter\" src=\"https:\/\/www.bey-han.com\/wp-content\/uploads\/2023\/11\/EKERMAK_001.jpg\" alt=\"\" width=\"300\" height=\"169\" \/>[\/vc_column_text][vc_column_text]<\/p>\n<p style=\"text-align: center;\">EKERMAK<\/p>\n<p>[\/vc_column_text][\/vc_column][vc_column width=&#8221;1\/4&#8243;][vc_column_text]<img loading=\"lazy\" decoding=\"async\" class=\"alignnone size-full wp-image-1169 aligncenter\" src=\"https:\/\/www.bey-han.com\/wp-content\/uploads\/2023\/11\/VERA_GES.jpg\" alt=\"\" width=\"300\" height=\"169\" \/>[\/vc_column_text][vc_column_text]<\/p>\n<p style=\"text-align: center;\">VERA GES<\/p>\n<p>[\/vc_column_text][\/vc_column][\/vc_row][vc_row][vc_column][vc_empty_space height=&#8221;20px&#8221;][\/vc_column][\/vc_row][vc_row][vc_column width=&#8221;1\/4&#8243;][vc_column_text]<img loading=\"lazy\" decoding=\"async\" class=\"alignnone size-full wp-image-1161 aligncenter\" src=\"https:\/\/www.bey-han.com\/wp-content\/uploads\/2023\/11\/O_ALTIN_GES.jpg\" alt=\"\" width=\"300\" height=\"169\" \/>[\/vc_column_text][vc_column_text]<\/p>\n<p style=\"text-align: center;\">O. ALTIN ENERJ\u0130<\/p>\n<p>[\/vc_column_text][\/vc_column][vc_column width=&#8221;1\/4&#8243;][vc_column_text]<img loading=\"lazy\" decoding=\"async\" class=\"alignnone size-full wp-image-1163 aligncenter\" src=\"https:\/\/www.bey-han.com\/wp-content\/uploads\/2023\/11\/MUSA_SOBA_002.jpg\" alt=\"\" width=\"300\" height=\"169\" \/>[\/vc_column_text][vc_column_text]<\/p>\n<p style=\"text-align: center;\">MUSA SOBA<\/p>\n<p>[\/vc_column_text][\/vc_column][vc_column width=&#8221;1\/4&#8243;][vc_column_text]<img loading=\"lazy\" decoding=\"async\" class=\"alignnone size-full wp-image-1165 aligncenter\" src=\"https:\/\/www.bey-han.com\/wp-content\/uploads\/2023\/11\/OZ_SARILAR.jpg\" alt=\"\" width=\"300\" height=\"169\" \/>[\/vc_column_text][vc_column_text]<\/p>\n<p style=\"text-align: center;\">\u00d6Z SARILAR GES<\/p>\n<p>[\/vc_column_text][\/vc_column][vc_column width=&#8221;1\/4&#8243;][vc_column_text]<img loading=\"lazy\" decoding=\"async\" class=\"alignnone size-medium wp-image-1001 aligncenter\" src=\"https:\/\/www.bey-han.com\/wp-content\/uploads\/2023\/06\/BOTAS_VANA_KONTROL_SISTEMI-300x169.jpg\" alt=\"\" width=\"300\" height=\"169\" srcset=\"https:\/\/www.bey-han.com\/en\/wp-content\/uploads\/2023\/06\/BOTAS_VANA_KONTROL_SISTEMI-300x169.jpg 300w, https:\/\/www.bey-han.com\/en\/wp-content\/uploads\/2023\/06\/BOTAS_VANA_KONTROL_SISTEMI.jpg 320w\" sizes=\"auto, (max-width: 300px) 100vw, 300px\" \/>[\/vc_column_text][vc_column_text]<\/p>\n<p style=\"text-align: center;\">AYHAN ERUL 2 GES<\/p>\n<p>[\/vc_column_text][\/vc_column][\/vc_row][vc_row][vc_column][vc_empty_space height=&#8221;20px&#8221;][\/vc_column][\/vc_row][vc_row][vc_column width=&#8221;1\/4&#8243;][vc_column_text]<img loading=\"lazy\" decoding=\"async\" class=\"alignnone size-full wp-image-1179 aligncenter\" src=\"https:\/\/www.bey-han.com\/wp-content\/uploads\/2023\/11\/CEKIRDEKSIZ_KULUCKA.jpg\" alt=\"\" width=\"300\" height=\"169\" \/>[\/vc_column_text][vc_column_text]<\/p>\n<p style=\"text-align: center;\">BAKP\u0130L\u0130\u00c7 &#8211; KULU\u00c7KA<\/p>\n<p>[\/vc_column_text][\/vc_column][vc_column width=&#8221;1\/4&#8243;][vc_column_text]<img loading=\"lazy\" decoding=\"async\" class=\"alignnone size-full wp-image-1171 aligncenter\" src=\"https:\/\/www.bey-han.com\/wp-content\/uploads\/2023\/11\/BAKPILIC_KUSCU_A_TESISI.jpg\" alt=\"\" width=\"300\" height=\"169\" \/>[\/vc_column_text][vc_column_text]<\/p>\n<p style=\"text-align: center;\">BAKP\u0130L\u0130\u00c7 &#8211; KU\u015e\u00c7U A<\/p>\n<p>[\/vc_column_text][\/vc_column][vc_column width=&#8221;1\/4&#8243;][vc_column_text]<img loading=\"lazy\" decoding=\"async\" class=\"alignnone size-full wp-image-1173 aligncenter\" src=\"https:\/\/www.bey-han.com\/wp-content\/uploads\/2023\/11\/KUSCU_C_002.jpg\" alt=\"\" width=\"300\" height=\"170\" \/>[\/vc_column_text][vc_column_text]<\/p>\n<p style=\"text-align: center;\">BAKP\u0130L\u0130\u00c7 &#8211; KU\u015e\u00c7U C<\/p>\n<p>[\/vc_column_text][\/vc_column][vc_column width=&#8221;1\/4&#8243;][vc_column_text]<img loading=\"lazy\" decoding=\"async\" class=\"alignnone size-full wp-image-1175 aligncenter\" src=\"https:\/\/www.bey-han.com\/wp-content\/uploads\/2023\/11\/kuscu_e_002.jpg\" alt=\"\" width=\"300\" height=\"169\" \/>[\/vc_column_text][vc_column_text]<\/p>\n<p style=\"text-align: center;\">BAKP\u0130L\u0130\u00c7 &#8211; KU\u015e\u00c7U E<\/p>\n<p>[\/vc_column_text][\/vc_column][\/vc_row][vc_row][vc_column][vc_empty_space height=&#8221;20px&#8221;][\/vc_column][\/vc_row][vc_row][vc_column width=&#8221;1\/4&#8243;][vc_column_text]<img loading=\"lazy\" decoding=\"async\" class=\"alignnone size-full wp-image-1181 aligncenter\" src=\"https:\/\/www.bey-han.com\/wp-content\/uploads\/2023\/11\/SIHALI_BAKPILIC.jpg\" alt=\"\" width=\"300\" height=\"169\" \/>[\/vc_column_text][vc_column_text]<\/p>\n<p style=\"text-align: center;\">BAKP\u0130L\u0130\u00c7 &#8211; \u015eIHAL\u0130<\/p>\n<p>[\/vc_column_text][\/vc_column][vc_column width=&#8221;1\/4&#8243;][vc_column_text]<img loading=\"lazy\" decoding=\"async\" class=\"alignnone size-full wp-image-1177 aligncenter\" src=\"https:\/\/www.bey-han.com\/wp-content\/uploads\/2023\/11\/SARIHALIL.jpg\" alt=\"\" width=\"300\" height=\"170\" \/>[\/vc_column_text][vc_column_text]<\/p>\n<p style=\"text-align: center;\">BAKP\u0130L\u0130\u00c7 &#8211; SARIHAL\u0130L<\/p>\n<p>[\/vc_column_text][\/vc_column][vc_column width=&#8221;1\/4&#8243;][\/vc_column][vc_column width=&#8221;1\/4&#8243;][\/vc_column][\/vc_row][vc_row][vc_column][vc_empty_space height=&#8221;20px&#8221;][\/vc_column][\/vc_row]<\/p>\n<\/section>","protected":false},"excerpt":{"rendered":"<p>[vc_row][vc_column][vc_empty_space height=&#8221;200px&#8221;][\/vc_column][\/vc_row][vc_row][vc_column width=&#8221;1\/4&#8243;][vc_column_text][\/vc_column_text][vc_column_text] BEY HAN \u00c7\u0130FTL\u0130\u011e\u0130 [\/vc_column_text][\/vc_column][vc_column width=&#8221;1\/4&#8243;][vc_column_text][\/vc_column_text][vc_column_text] BEY\u00c7EL\u0130K TARIM [\/vc_column_text][\/vc_column][vc_column width=&#8221;1\/4&#8243;][vc_column_text][\/vc_column_text][vc_column_text] \u0130SMA\u0130L SELET [\/vc_column_text][\/vc_column][vc_column width=&#8221;1\/4&#8243;][vc_column_text][\/vc_column_text][vc_column_text] EY\u00dcP TA\u015e [\/vc_column_text][\/vc_column][\/vc_row][vc_row][vc_column][vc_empty_space height=&#8221;20px&#8221;][\/vc_column][\/vc_row][vc_row][vc_column width=&#8221;1\/4&#8243;][vc_column_text][\/vc_column_text][vc_column_text] 4K TARIM [\/vc_column_text][\/vc_column][vc_column width=&#8221;1\/4&#8243;][vc_column_text][\/vc_column_text][vc_column_text] BEYTAT 1 GES [\/vc_column_text][\/vc_column][vc_column width=&#8221;1\/4&#8243;][vc_column_text][\/vc_column_text][vc_column_text] AY\u00c7EL\u0130K TARIM [\/vc_column_text][\/vc_column][vc_column width=&#8221;1\/4&#8243;][vc_column_text][\/vc_column_text][vc_column_text] FEYZULLAH \u00c7EL\u0130K [\/vc_column_text][\/vc_column][\/vc_row][vc_row][vc_column][vc_empty_space height=&#8221;20px&#8221;][\/vc_column][\/vc_row][vc_row][vc_column width=&#8221;1\/4&#8243;][vc_column_text][\/vc_column_text][vc_column_text] T\u0130TAN MAK\u0130NA [\/vc_column_text][\/vc_column][vc_column width=&#8221;1\/4&#8243;][vc_column_text][\/vc_column_text][vc_column_text] H\u00dcSEY\u0130N YILDIRIM [\/vc_column_text][\/vc_column][vc_column width=&#8221;1\/4&#8243;][vc_column_text][\/vc_column_text][vc_column_text] AYHAN ERUL [\/vc_column_text][\/vc_column][vc_column width=&#8221;1\/4&#8243;][vc_column_text] [\/vc_column_text][vc_column_text] AB\u0130D\u0130N ERDO\u011eAN [\/vc_column_text][\/vc_column][\/vc_row][vc_row][vc_column][vc_empty_space [&hellip;]<\/p>\n","protected":false},"author":1,"featured_media":0,"parent":0,"menu_order":0,"comment_status":"closed","ping_status":"closed","template":"tmpl\/template-fullwidth.php","meta":{"footnotes":""},"class_list":["post-22","page","type-page","status-publish","hentry"],"acf":[],"_links":{"self":[{"href":"https:\/\/www.bey-han.com\/en\/wp-json\/wp\/v2\/pages\/22","targetHints":{"allow":["GET"]}}],"collection":[{"href":"https:\/\/www.bey-han.com\/en\/wp-json\/wp\/v2\/pages"}],"about":[{"href":"https:\/\/www.bey-han.com\/en\/wp-json\/wp\/v2\/types\/page"}],"author":[{"embeddable":true,"href":"https:\/\/www.bey-han.com\/en\/wp-json\/wp\/v2\/users\/1"}],"replies":[{"embeddable":true,"href":"https:\/\/www.bey-han.com\/en\/wp-json\/wp\/v2\/comments?post=22"}],"version-history":[{"count":4,"href":"https:\/\/www.bey-han.com\/en\/wp-json\/wp\/v2\/pages\/22\/revisions"}],"predecessor-version":[{"id":1244,"href":"https:\/\/www.bey-han.com\/en\/wp-json\/wp\/v2\/pages\/22\/revisions\/1244"}],"wp:attachment":[{"href":"https:\/\/www.bey-han.com\/en\/wp-json\/wp\/v2\/media?parent=22"}],"curies":[{"name":"wp","href":"https:\/\/api.w.org\/{rel}","templated":true}]}}